{"id":1874,"date":"2021-05-04T11:00:21","date_gmt":"2021-05-04T11:00:21","guid":{"rendered":"https:\/\/basesustentavel.pt\/wp\/?page_id=1874"},"modified":"2021-05-15T19:17:22","modified_gmt":"2021-05-15T19:17:22","slug":"licenciamento","status":"publish","type":"page","link":"https:\/\/basesustentavel.pt\/wp\/servicos\/licenciamento\/","title":{"rendered":"Conformidade legal"},"content":{"rendered":"\t\t<div data-elementor-type=\"wp-page\" data-elementor-id=\"1874\" class=\"elementor elementor-1874\" data-elementor-settings=\"[]\">\n\t\t\t\t\t\t<div class=\"elementor-inner\">\n\t\t\t\t\t\t\t<div class=\"elementor-section-wrap\">\n\t\t\t\t\t\t\t<section class=\"elementor-section elementor-top-section elementor-element elementor-element-7a65f8c elementor-section-boxed elementor-section-height-default elementor-section-height-default\" data-id=\"7a65f8c\" data-element_type=\"section\" data-settings=\"{&quot;background_background&quot;:&quot;classic&quot;}\">\n\t\t\t\t\t\t<div class=\"elementor-container elementor-column-gap-default\">\n\t\t\t\t\t\t\t<div class=\"elementor-row\">\n\t\t\t\t\t<div class=\"elementor-column elementor-col-100 elementor-top-column elementor-element elementor-element-a6dbf77\" data-id=\"a6dbf77\" data-element_type=\"column\">\n\t\t\t<div class=\"elementor-column-wrap elementor-element-populated\">\n\t\t\t\t\t\t\t<div class=\"elementor-widget-wrap\">\n\t\t\t\t\t\t<div class=\"elementor-element elementor-element-17f05d9 elementor-widget elementor-widget-heading\" data-id=\"17f05d9\" data-element_type=\"widget\" data-widget_type=\"heading.default\">\n\t\t\t\t<div class=\"elementor-widget-container\">\n\t\t\t<h2 class=\"elementor-heading-title elementor-size-default\">Conformidade legal (Compliance)<\/h2>\t\t<\/div>\n\t\t\t\t<\/div>\n\t\t\t\t\t\t<\/div>\n\t\t\t\t\t<\/div>\n\t\t<\/div>\n\t\t\t\t\t\t\t\t<\/div>\n\t\t\t\t\t<\/div>\n\t\t<\/section>\n\t\t\t\t<section class=\"elementor-section elementor-top-section elementor-element elementor-element-f69e048 elementor-section-boxed elementor-section-height-default elementor-section-height-default\" data-id=\"f69e048\" data-element_type=\"section\" data-settings=\"{&quot;background_background&quot;:&quot;classic&quot;}\">\n\t\t\t\t\t\t<div class=\"elementor-container elementor-column-gap-default\">\n\t\t\t\t\t\t\t<div class=\"elementor-row\">\n\t\t\t\t\t<div class=\"elementor-column elementor-col-16 elementor-top-column elementor-element elementor-element-445a874\" data-id=\"445a874\" data-element_type=\"column\">\n\t\t\t<div class=\"elementor-column-wrap\">\n\t\t\t\t\t\t\t<div class=\"elementor-widget-wrap\">\n\t\t\t\t\t\t\t\t<\/div>\n\t\t\t\t\t<\/div>\n\t\t<\/div>\n\t\t\t\t<div class=\"elementor-column elementor-col-66 elementor-top-column elementor-element elementor-element-5e4a877\" data-id=\"5e4a877\" data-element_type=\"column\">\n\t\t\t<div class=\"elementor-column-wrap elementor-element-populated\">\n\t\t\t\t\t\t\t<div class=\"elementor-widget-wrap\">\n\t\t\t\t\t\t<div class=\"elementor-element elementor-element-02d119a elementor-widget elementor-widget-text-editor\" data-id=\"02d119a\" data-element_type=\"widget\" data-widget_type=\"text-editor.default\">\n\t\t\t\t<div class=\"elementor-widget-container\">\n\t\t\t\t\t\t\t\t<div class=\"elementor-text-editor elementor-clearfix\">\n\t\t\t\t\t<p>Muitas vezes encarado como um mero processo burocra\u0301tico, o licenciamento da atividade pode ser o primeiro passo na busca de oportunidades de sucesso para as empresas, permitindo:\u00a0<\/p><ul><li>Eliminar deficie\u0302ncias na concessa\u0303o do investimento antecipadamente;<\/li><li><span style=\"font-style: inherit; font-weight: inherit;\">Eliminar deficie\u0302ncias durante o processo empresarial\/industrial;<\/span><\/li><li><span style=\"font-style: inherit; font-weight: inherit;\">Diminuir os riscos associados a\u0300 laborac\u0327a\u0303o (seguranc\u0327a, ambientais, sociais e econo\u0301micos);<\/span><\/li><li><span style=\"font-style: inherit; font-weight: inherit;\">Aumentar a produtividade atrave\u0301s da satisfac\u0327a\u0303o, confianc\u0327a e bem-estar dos trabalhadores.<\/span><\/li><\/ul>\t\t\t\t\t<\/div>\n\t\t\t\t\t\t<\/div>\n\t\t\t\t<\/div>\n\t\t\t\t<div class=\"elementor-element elementor-element-027f7c6 elementor-widget elementor-widget-heading\" data-id=\"027f7c6\" data-element_type=\"widget\" data-widget_type=\"heading.default\">\n\t\t\t\t<div class=\"elementor-widget-container\">\n\t\t\t<h4 class=\"elementor-heading-title elementor-size-default\">Como atuamos:<\/h4>\t\t<\/div>\n\t\t\t\t<\/div>\n\t\t\t\t<div class=\"elementor-element elementor-element-bd177bd elementor-widget elementor-widget-text-editor\" data-id=\"bd177bd\" data-element_type=\"widget\" data-widget_type=\"text-editor.default\">\n\t\t\t\t<div class=\"elementor-widget-container\">\n\t\t\t\t\t\t\t\t<div class=\"elementor-text-editor elementor-clearfix\">\n\t\t\t\t\t<ul>\n<li>Pedido de Licenciamento Industrial\/Ambiental<br><\/li>\n<li style=\"font-size: 16px; font-style: normal; font-weight: 400;\"><span style=\"font-style: inherit; font-weight: inherit;\">Altera\u00e7\u00e3o\/Renova\u00e7\u00e3o de Licenciamento Industrial\/Ambiental&nbsp;<\/span><\/li>\n<li style=\"font-size: 16px; font-style: normal; font-weight: 400;\"><span style=\"font-style: inherit; font-weight: inherit;\">Acompanhamento de processos de Avalia\u00e7\u00e3o de Impacte Ambiental (AIA) e das condi\u00e7\u00f5es da Declara\u00e7\u00e3o de Impacte Ambiental (DIA)&nbsp;<\/span><\/li>\n<li style=\"font-size: 16px; font-style: normal; font-weight: 400;\"><span style=\"font-style: inherit; font-weight: inherit;\">Planos de Desempenho Ambiental&nbsp;<\/span><\/li>\n<li style=\"font-size: 16px; font-style: normal; font-weight: 400;\"><span style=\"font-style: inherit; font-weight: inherit;\">Relat\u00f3rios Ambientais Anuais&nbsp;<\/span><\/li>\n<li style=\"font-size: 16px; font-style: normal; font-weight: 400;\"><span style=\"font-style: inherit; font-weight: inherit;\">A<\/span><span style=\"font-style: inherit; font-weight: inherit;\">\u00e7\u00f5es de forma\u00e7\u00e3o dedicada<\/span><\/li>\n\n<\/ul>\t\t\t\t\t<\/div>\n\t\t\t\t\t\t<\/div>\n\t\t\t\t<\/div>\n\t\t\t\t<section class=\"elementor-section elementor-inner-section elementor-element elementor-element-364c6c6 elementor-section-boxed elementor-section-height-default elementor-section-height-default\" data-id=\"364c6c6\" data-element_type=\"section\">\n\t\t\t\t\t\t<div class=\"elementor-container elementor-column-gap-default\">\n\t\t\t\t\t\t\t<div class=\"elementor-row\">\n\t\t\t\t\t<div class=\"elementor-column elementor-col-33 elementor-inner-column elementor-element elementor-element-b1b2f8f\" data-id=\"b1b2f8f\" data-element_type=\"column\">\n\t\t\t<div class=\"elementor-column-wrap elementor-element-populated\">\n\t\t\t\t\t\t\t<div class=\"elementor-widget-wrap\">\n\t\t\t\t\t\t<div class=\"elementor-element elementor-element-f9bb500 elementor-widget elementor-widget-button\" data-id=\"f9bb500\" data-element_type=\"widget\" data-widget_type=\"button.default\">\n\t\t\t\t<div class=\"elementor-widget-container\">\n\t\t\t\t\t<div class=\"elementor-button-wrapper\">\n\t\t\t<a href=\"http:\/\/basesustentavel.pt\/wp\/servicos\" class=\"elementor-button-link elementor-button elementor-size-sm\" role=\"button\">\n\t\t\t\t\t\t<span class=\"elementor-button-content-wrapper\">\n\t\t\t\t\t\t<span class=\"elementor-button-text\">TODOS OS SERVI\u00c7OS<\/span>\n\t\t<\/span>\n\t\t\t\t\t<\/a>\n\t\t<\/div>\n\t\t\t\t<\/div>\n\t\t\t\t<\/div>\n\t\t\t\t\t\t<\/div>\n\t\t\t\t\t<\/div>\n\t\t<\/div>\n\t\t\t\t<div class=\"elementor-column elementor-col-66 elementor-inner-column elementor-element elementor-element-49ca8f9\" data-id=\"49ca8f9\" data-element_type=\"column\">\n\t\t\t<div class=\"elementor-column-wrap elementor-element-populated\">\n\t\t\t\t\t\t\t<div class=\"elementor-widget-wrap\">\n\t\t\t\t\t\t<div class=\"elementor-element elementor-element-9c34c85 elementor-widget elementor-widget-button\" data-id=\"9c34c85\" data-element_type=\"widget\" data-widget_type=\"button.default\">\n\t\t\t\t<div class=\"elementor-widget-container\">\n\t\t\t\t\t<div class=\"elementor-button-wrapper\">\n\t\t\t<a href=\"http:\/\/basesustentavel.pt\/wp\/contactos\" class=\"elementor-button-link elementor-button elementor-size-sm\" role=\"button\">\n\t\t\t\t\t\t<span class=\"elementor-button-content-wrapper\">\n\t\t\t\t\t\t<span class=\"elementor-button-text\">PEDIR INFORMA\u00c7\u00d5ES<\/span>\n\t\t<\/span>\n\t\t\t\t\t<\/a>\n\t\t<\/div>\n\t\t\t\t<\/div>\n\t\t\t\t<\/div>\n\t\t\t\t\t\t<\/div>\n\t\t\t\t\t<\/div>\n\t\t<\/div>\n\t\t\t\t\t\t\t\t<\/div>\n\t\t\t\t\t<\/div>\n\t\t<\/section>\n\t\t\t\t\t\t<\/div>\n\t\t\t\t\t<\/div>\n\t\t<\/div>\n\t\t\t\t<div class=\"elementor-column elementor-col-16 elementor-top-column elementor-element elementor-element-156b124\" data-id=\"156b124\" data-element_type=\"column\">\n\t\t\t<div class=\"elementor-column-wrap\">\n\t\t\t\t\t\t\t<div class=\"elementor-widget-wrap\">\n\t\t\t\t\t\t\t\t<\/div>\n\t\t\t\t\t<\/div>\n\t\t<\/div>\n\t\t\t\t\t\t\t\t<\/div>\n\t\t\t\t\t<\/div>\n\t\t<\/section>\n\t\t\t\t\t\t<\/div>\n\t\t\t\t\t\t<\/div>\n\t\t\t\t\t<\/div>\n\t\t","protected":false},"excerpt":{"rendered":"<p>Conformidade legal (Compliance) Muitas vezes encarado como um mero processo burocra\u0301tico, o licenciamento da atividade pode ser o primeiro passo na busca de oportunidades de sucesso para as empresas, permitindo:\u00a0 Eliminar deficie\u0302ncias na concessa\u0303o do investimento antecipadamente; Eliminar deficie\u0302ncias durante o processo empresarial\/industrial; Diminuir os riscos associados a\u0300 laborac\u0327a\u0303o (seguranc\u0327a, ambientais, sociais e econo\u0301micos); Aumentar &hellip;<\/p>\n<p class=\"read-more\"> <a class=\"\" href=\"https:\/\/basesustentavel.pt\/wp\/servicos\/licenciamento\/\"> <span class=\"screen-reader-text\">Conformidade legal<\/span> Read More &raquo;<\/a><\/p>\n","protected":false},"author":1,"featured_media":0,"parent":1751,"menu_order":0,"comment_status":"closed","ping_status":"closed","template":"","meta":{"footnotes":""},"class_list":["post-1874","page","type-page","status-publish","hentry"],"_links":{"self":[{"href":"https:\/\/basesustentavel.pt\/wp\/wp-json\/wp\/v2\/pages\/1874","targetHints":{"allow":["GET"]}}],"collection":[{"href":"https:\/\/basesustentavel.pt\/wp\/wp-json\/wp\/v2\/pages"}],"about":[{"href":"https:\/\/basesustentavel.pt\/wp\/wp-json\/wp\/v2\/types\/page"}],"author":[{"embeddable":true,"href":"https:\/\/basesustentavel.pt\/wp\/wp-json\/wp\/v2\/users\/1"}],"replies":[{"embeddable":true,"href":"https:\/\/basesustentavel.pt\/wp\/wp-json\/wp\/v2\/comments?post=1874"}],"version-history":[{"count":38,"href":"https:\/\/basesustentavel.pt\/wp\/wp-json\/wp\/v2\/pages\/1874\/revisions"}],"predecessor-version":[{"id":2278,"href":"https:\/\/basesustentavel.pt\/wp\/wp-json\/wp\/v2\/pages\/1874\/revisions\/2278"}],"up":[{"embeddable":true,"href":"https:\/\/basesustentavel.pt\/wp\/wp-json\/wp\/v2\/pages\/1751"}],"wp:attachment":[{"href":"https:\/\/basesustentavel.pt\/wp\/wp-json\/wp\/v2\/media?parent=1874"}],"curies":[{"name":"wp","href":"https:\/\/api.w.org\/{rel}","templated":true}]}}